{"id":480,"date":"2023-03-20T22:11:56","date_gmt":"2023-03-20T22:11:56","guid":{"rendered":"http:\/\/prueba.hypnodia.com.ar\/?page_id=480"},"modified":"2023-04-05T17:38:07","modified_gmt":"2023-04-05T17:38:07","slug":"tecnologia","status":"publish","type":"page","link":"https:\/\/liag.com.ar\/index.php\/tecnologia\/","title":{"rendered":"Tecnolog\u00eda"},"content":{"rendered":"\t\t<div data-elementor-type=\"wp-page\" data-elementor-id=\"480\" class=\"elementor elementor-480\">\n\t\t\t\t\t\t<section class=\"elementor-section elementor-top-section elementor-element elementor-element-a06d483 elementor-section-boxed elementor-section-height-default elementor-section-height-default\" data-id=\"a06d483\" data-element_type=\"section\" data-e-type=\"section\" data-settings=\"{&quot;background_background&quot;:&quot;classic&quot;}\">\n\t\t\t\t\t\t\t<div class=\"elementor-background-overlay\"><\/div>\n\t\t\t\t\t\t\t<div class=\"elementor-container elementor-column-gap-default\">\n\t\t\t\t\t<div class=\"elementor-column elementor-col-100 elementor-top-column elementor-element elementor-element-01a51fd\" data-id=\"01a51fd\" data-element_type=\"column\" data-e-type=\"column\">\n\t\t\t<div class=\"elementor-widget-wrap elementor-element-populated\">\n\t\t\t\t\t\t<div class=\"elementor-element elementor-element-172704c elementor-align-center elementor-widget elementor-widget-button\" data-id=\"172704c\" data-element_type=\"widget\" data-e-type=\"widget\" data-widget_type=\"button.default\">\n\t\t\t\t<div class=\"elementor-widget-container\">\n\t\t\t\t\t\t\t\t\t<div class=\"elementor-button-wrapper\">\n\t\t\t\t\t<a class=\"elementor-button elementor-size-sm\" role=\"button\">\n\t\t\t\t\t\t<span class=\"elementor-button-content-wrapper\">\n\t\t\t\t\t\t\t\t\t<span class=\"elementor-button-text\">Tecnolog\u00eda<\/span>\n\t\t\t\t\t<\/span>\n\t\t\t\t\t<\/a>\n\t\t\t\t<\/div>\n\t\t\t\t\t\t\t\t<\/div>\n\t\t\t\t<\/div>\n\t\t\t\t\t<\/div>\n\t\t<\/div>\n\t\t\t\t\t<\/div>\n\t\t<\/section>\n\t\t\t\t<section class=\"elementor-section elementor-top-section elementor-element elementor-element-f68146d elementor-section-full_width elementor-section-height-default elementor-section-height-default\" data-id=\"f68146d\" data-element_type=\"section\" data-e-type=\"section\">\n\t\t\t\t\t\t<div class=\"elementor-container elementor-column-gap-default\">\n\t\t\t\t\t<div class=\"elementor-column elementor-col-100 elementor-top-column elementor-element elementor-element-6c6e886\" data-id=\"6c6e886\" data-element_type=\"column\" data-e-type=\"column\">\n\t\t\t<div class=\"elementor-widget-wrap elementor-element-populated\">\n\t\t\t\t\t\t<div class=\"elementor-element elementor-element-9df67fe elementor-widget elementor-widget-lae-timeline\" data-id=\"9df67fe\" data-element_type=\"widget\" data-e-type=\"widget\" data-widget_type=\"lae-timeline.default\">\n\t\t\t\t<div class=\"elementor-widget-container\">\n\t\t\t\t\t\n<div class=\"lae-horizontal-timeline-wrap\">\n\n    \n    \n<div        id=\"lae-timeline-nav-9df67fe\"\n        class=\"lae-timeline-nav\">\n\n    \n        \n        \n<div class=\"lae-timeline-nav-item\">\n\n    <div class=\"lae-timeline-icon\">\n\n        <i aria-hidden=\"true\" class=\"fas fa-leaf\"><\/i>\n    <\/div>\n\n    <div class=\"lae-timeline-label\">Buenas Pr\u00e1cticas Agr\u00edcolas<\/div>\n\n<\/div>\n    \n        \n        \n<div class=\"lae-timeline-nav-item\">\n\n    <div class=\"lae-timeline-icon\">\n\n        <i aria-hidden=\"true\" class=\"fas fa-tractor\"><\/i>\n    <\/div>\n\n    <div class=\"lae-timeline-label\">Agricultura por ambientes<\/div>\n\n<\/div>\n    \n        \n        \n<div class=\"lae-timeline-nav-item\">\n\n    <div class=\"lae-timeline-icon\">\n\n        <i aria-hidden=\"true\" class=\"fas fa-share-alt\"><\/i>\n    <\/div>\n\n    <div class=\"lae-timeline-label\">Tecnolog\u00edas de aplicaci\u00f3n<\/div>\n\n<\/div>\n    \n        \n        \n<div class=\"lae-timeline-nav-item\">\n\n    <div class=\"lae-timeline-icon\">\n\n        <i aria-hidden=\"true\" class=\"fas fa-dice-d6\"><\/i>\n    <\/div>\n\n    <div class=\"lae-timeline-label\">Digitalizaci\u00f3n y trazabilidad<\/div>\n\n<\/div>\n    \n        \n        \n<div class=\"lae-timeline-nav-item\">\n\n    <div class=\"lae-timeline-icon\">\n\n        <i aria-hidden=\"true\" class=\"fas fa-file-export\"><\/i>\n    <\/div>\n\n    <div class=\"lae-timeline-label\">Agricultura certificada<\/div>\n\n<\/div>\n    \n        \n        \n<div class=\"lae-timeline-nav-item\">\n\n    <div class=\"lae-timeline-icon\">\n\n        <i aria-hidden=\"true\" class=\"fas fa-brain\"><\/i>\n    <\/div>\n\n    <div class=\"lae-timeline-label\">Inteligencia Artificial<\/div>\n\n<\/div>\n    \n        \n        \n<div class=\"lae-timeline-nav-item\">\n\n    <div class=\"lae-timeline-icon\">\n\n        <i aria-hidden=\"true\" class=\"fab fa-cloudscale\"><\/i>\n    <\/div>\n\n    <div class=\"lae-timeline-label\">Automatizaci\u00f3n de procesos<\/div>\n\n<\/div>\n    \n        \n        \n<div class=\"lae-timeline-nav-item\">\n\n    <div class=\"lae-timeline-icon\">\n\n        <i aria-hidden=\"true\" class=\"fas fa-arrow-right\"><\/i>\n    <\/div>\n\n    <div class=\"lae-timeline-label\">Vamos hacia...<\/div>\n\n<\/div>\n    \n        \n        \n<div class=\"lae-timeline-nav-item\">\n\n    <div class=\"lae-timeline-icon\">\n\n        <i aria-hidden=\"true\" class=\"fas fa-arrow-right\"><\/i>\n    <\/div>\n\n    <div class=\"lae-timeline-label\"><\/div>\n\n<\/div>\n    \n        \n        \n<div class=\"lae-timeline-nav-item\">\n\n    <div class=\"lae-timeline-icon\">\n\n        <i aria-hidden=\"true\" class=\"fas fa-arrow-right\"><\/i>\n    <\/div>\n\n    <div class=\"lae-timeline-label\"><\/div>\n\n<\/div>\n    \n<\/div><!-- .lae-timeline-nav -->\n\n\n    \n<div data-settings= {&quot;slider_id&quot;:&quot;9df67fe&quot;,&quot;arrows&quot;:true,&quot;dots&quot;:true,&quot;autoplay&quot;:true,&quot;autoplay_speed&quot;:3000,&quot;animation_speed&quot;:300,&quot;pause_on_hover&quot;:true,&quot;display_columns&quot;:4,&quot;scroll_columns&quot;:1,&quot;gutter&quot;:5,&quot;tablet_width&quot;:800,&quot;tablet_display_columns&quot;:2,&quot;tablet_scroll_columns&quot;:2,&quot;tablet_gutter&quot;:{&quot;size&quot;:10},&quot;mobile_width&quot;:480,&quot;mobile_display_columns&quot;:1,&quot;mobile_scroll_columns&quot;:1,&quot;mobile_gutter&quot;:{&quot;size&quot;:10}}        id=\"lae-horizontal-timeline-9df67fe\"\n        class=\"lae-horizontal-timeline lae-container horizontal-timeline-1\">\n\n    \n        \n        \n<div class=\"lae-timeline-item\">\n\n    \n    \n        <div class=\"lae-timeline-image\">\n\n            \n        <\/div><!-- .lae-timeline-image -->\n\n    \n    <h3 class=\"lae-timeline-title\">\n\n        \n            \n        \n    <\/h3>\n\n<div class=\"lae-timeline-description\"><\/div>\n\n<\/div><!-- .lae-timeline-item -->\n    \n        \n        \n<div class=\"lae-timeline-item\">\n\n    \n    \n        <div class=\"lae-timeline-image\">\n\n            \n        <\/div><!-- .lae-timeline-image -->\n\n    \n    <h3 class=\"lae-timeline-title\">\n\n        \n            \n        \n    <\/h3>\n\n<div class=\"lae-timeline-description\"><\/div>\n\n<\/div><!-- .lae-timeline-item -->\n    \n        \n        \n<div class=\"lae-timeline-item\">\n\n    \n    \n        <div class=\"lae-timeline-image\">\n\n            \n        <\/div><!-- .lae-timeline-image -->\n\n    \n    <h3 class=\"lae-timeline-title\">\n\n        \n            \n        \n    <\/h3>\n\n<div class=\"lae-timeline-description\"><\/div>\n\n<\/div><!-- .lae-timeline-item -->\n    \n        \n        \n<div class=\"lae-timeline-item\">\n\n    \n    \n        <div class=\"lae-timeline-image\">\n\n            \n        <\/div><!-- .lae-timeline-image -->\n\n    \n    <h3 class=\"lae-timeline-title\">\n\n        \n            \n        \n    <\/h3>\n\n<div class=\"lae-timeline-description\"><\/div>\n\n<\/div><!-- .lae-timeline-item -->\n    \n        \n        \n<div class=\"lae-timeline-item\">\n\n    \n    \n        <div class=\"lae-timeline-image\">\n\n            \n        <\/div><!-- .lae-timeline-image -->\n\n    \n    <h3 class=\"lae-timeline-title\">\n\n        \n            \n        \n    <\/h3>\n\n<div class=\"lae-timeline-description\"><\/div>\n\n<\/div><!-- .lae-timeline-item -->\n    \n        \n        \n<div class=\"lae-timeline-item\">\n\n    \n    \n        <div class=\"lae-timeline-image\">\n\n            \n        <\/div><!-- .lae-timeline-image -->\n\n    \n    <h3 class=\"lae-timeline-title\">\n\n        \n            \n        \n    <\/h3>\n\n<div class=\"lae-timeline-description\"><\/div>\n\n<\/div><!-- .lae-timeline-item -->\n    \n        \n        \n<div class=\"lae-timeline-item\">\n\n    \n    \n        <div class=\"lae-timeline-image\">\n\n            \n        <\/div><!-- .lae-timeline-image -->\n\n    \n    <h3 class=\"lae-timeline-title\">\n\n        \n            \n        \n    <\/h3>\n\n<div class=\"lae-timeline-description\"><\/div>\n\n<\/div><!-- .lae-timeline-item -->\n    \n        \n        \n<div class=\"lae-timeline-item\">\n\n    \n    \n        <div class=\"lae-timeline-image\">\n\n            \n        <\/div><!-- .lae-timeline-image -->\n\n    \n    <h3 class=\"lae-timeline-title\">\n\n        \n            \n        \n    <\/h3>\n\n<div class=\"lae-timeline-description\"><\/div>\n\n<\/div><!-- .lae-timeline-item -->\n    \n        \n        \n<div class=\"lae-timeline-item\">\n\n    \n    \n        <div class=\"lae-timeline-image\">\n\n            \n        <\/div><!-- .lae-timeline-image -->\n\n    \n    <h3 class=\"lae-timeline-title\">\n\n        \n            \n        \n    <\/h3>\n\n<div class=\"lae-timeline-description\"><\/div>\n\n<\/div><!-- .lae-timeline-item -->\n    \n        \n        \n<div class=\"lae-timeline-item\">\n\n    \n    \n        <div class=\"lae-timeline-image\">\n\n            \n        <\/div><!-- .lae-timeline-image -->\n\n    \n    <h3 class=\"lae-timeline-title\">\n\n        \n            \n        \n    <\/h3>\n\n<div class=\"lae-timeline-description\"><\/div>\n\n<\/div><!-- .lae-timeline-item -->\n    \n<\/div>\n<\/div>\t\t\t\t<\/div>\n\t\t\t\t<\/div>\n\t\t\t\t\t<\/div>\n\t\t<\/div>\n\t\t\t\t\t<\/div>\n\t\t<\/section>\n\t\t\t\t<section class=\"elementor-section elementor-top-section elementor-element elementor-element-33cba0f elementor-section-boxed elementor-section-height-default elementor-section-height-default\" data-id=\"33cba0f\" data-element_type=\"section\" data-e-type=\"section\" data-settings=\"{&quot;background_background&quot;:&quot;classic&quot;}\">\n\t\t\t\t\t\t<div class=\"elementor-container elementor-column-gap-default\">\n\t\t\t\t\t<div class=\"elementor-column elementor-col-100 elementor-top-column elementor-element elementor-element-5895803\" data-id=\"5895803\" data-element_type=\"column\" data-e-type=\"column\">\n\t\t\t<div class=\"elementor-widget-wrap elementor-element-populated\">\n\t\t\t\t\t\t<div class=\"elementor-element elementor-element-230f39a elementor-widget elementor-widget-timeline-widget-addon\" data-id=\"230f39a\" data-element_type=\"widget\" data-e-type=\"widget\" data-widget_type=\"timeline-widget-addon.default\">\n\t\t\t\t<div class=\"elementor-widget-container\">\n\t\t\t\t\t<!-- ========= Timeline Widget Addon For Elementor 1.6.24 ========= -->\n<div id=\"twae-wrapper-230f39a\" class=\"twae-vertical twae-wrapper  twae-both-sided\">   \n    <div class=\"twae-start\"><\/div>    \n    <div id=\"twea-timeline-230f39a\" class=\"twae-timeline\" ><!-- Start of Story Repeater Content --><div id=\"story-1770e3a\" class=\"twae-story twae-repeater-item twae-story-right twae-story-no-icon\"><!-- Story Label --><div class=\"twae-labels\"><div class=\"twae-label-big\">1982<\/div><\/div><!-- Story Icon --><div class=\"twae-icon\"><i aria-hidden=\"true\" class=\"fab fa-sticker-mule\"><\/i><\/div><!-- Story Arrow --><div class=\"twae-arrow\"><\/div><!-- Start of Story Content --><div class=\"twae-content\"><!-- Story Title --><div class=\"twae-title\">Planteos ganaderos y tambo<\/div><\/div><\/div><!-- Start of Story Repeater Content --><div id=\"story-0690b7f\" class=\"twae-story twae-repeater-item twae-story-left twae-story-no-icon\"><!-- Story Label --><div class=\"twae-labels\"><div class=\"twae-label-big\">1991<\/div><\/div><!-- Story Icon --><div class=\"twae-icon\"><i aria-hidden=\"true\" class=\"fas fa-seedling\"><\/i><\/div><!-- Story Arrow --><div class=\"twae-arrow\"><\/div><!-- Start of Story Content --><div class=\"twae-content\"><!-- Story Title --><div class=\"twae-title\">Siembra directa<\/div><!-- Story Description --><div class=\"twae-description\"><p><span style=\"font-size: 11.0pt\">Aumento de la superficie agr\u00edcola<\/span><\/p><\/div><\/div><\/div><!-- Start of Story Repeater Content --><div id=\"story-34e4d7c\" class=\"twae-story twae-repeater-item twae-story-right twae-story-no-icon\"><!-- Story Label --><div class=\"twae-labels\"><div class=\"twae-label-big\">1998<\/div><\/div><!-- Story Icon --><div class=\"twae-icon\"><i aria-hidden=\"true\" class=\"fas fa-map-marked-alt\"><\/i><\/div><!-- Story Arrow --><div class=\"twae-arrow\"><\/div><!-- Start of Story Content --><div class=\"twae-content\"><!-- Story Title --><div class=\"twae-title\">Agricultura de Precisi\u00f3n <\/div><!-- Story Description --><div class=\"twae-description\"><p><span style=\"font-size: 11.0pt\">Primeros monitores de rendimiento<\/span><\/p><p><span style=\"font-size: 11.0pt\">\u00a0<\/span><\/p><\/div><\/div><\/div><!-- Start of Story Repeater Content --><div id=\"story-bacacc0\" class=\"twae-story twae-repeater-item twae-story-left twae-story-no-icon\"><!-- Story Label --><div class=\"twae-labels\"><div class=\"twae-label-big\">2004<\/div><\/div><!-- Story Icon --><div class=\"twae-icon\"><i aria-hidden=\"true\" class=\"far fa-clock\"><\/i><\/div><!-- Story Arrow --><div class=\"twae-arrow\"><\/div><!-- Start of Story Content --><div class=\"twae-content\"><!-- Story Title --><div class=\"twae-title\">Primera aplicaci\u00f3n variable<\/div><!-- Story Description --><div class=\"twae-description\"><p>Mejora econ\u00f3mica en zonas de bajo potencial por reducci\u00f3n de insumos.<\/p><p>Aumento de productividad en zonas de alto potencial.<\/p><\/div><\/div><\/div><!-- Start of Story Repeater Content --><div id=\"story-4583b18\" class=\"twae-story twae-repeater-item twae-story-right twae-story-no-icon\"><!-- Story Label --><div class=\"twae-labels\"><div class=\"twae-label-big\">2005<\/div><\/div><!-- Story Icon --><div class=\"twae-icon\"><i aria-hidden=\"true\" class=\"fas fa-satellite\"><\/i><\/div><!-- Story Arrow --><div class=\"twae-arrow\"><\/div><!-- Start of Story Content --><div class=\"twae-content\"><!-- Story Title --><div class=\"twae-title\">Control de aplicaciones<\/div><!-- Story Description --><div class=\"twae-description\"><p>An\u00e1lisis y procedimiento de la informaci\u00f3n recolectada por equipos de aplicaci\u00f3n<\/p><p>Calibraci\u00f3n de los equipos y mejora de la calidad de aplicaci\u00f3n<\/p><\/div><\/div><\/div><!-- Start of Story Repeater Content --><div id=\"story-65c1d70\" class=\"twae-story twae-repeater-item twae-story-left twae-story-no-icon\"><!-- Story Label --><div class=\"twae-labels\"><div class=\"twae-label-big\">2008<\/div><\/div><!-- Story Icon --><div class=\"twae-icon\"><i aria-hidden=\"true\" class=\"fas fa-satellite-dish\"><\/i><\/div><!-- Story Arrow --><div class=\"twae-arrow\"><\/div><!-- Start of Story Content --><div class=\"twae-content\"><!-- Story Title --><div class=\"twae-title\">Seguimiento en tiempo real<\/div><!-- Story Description --><div class=\"twae-description\"><p>Monitoreo del algod\u00f3n con im\u00e1genes satelitales<\/p><p>Aplicaci\u00f3n variable de reguladores de crecimiento terrestre<\/p><\/div><\/div><\/div><!-- Start of Story Repeater Content --><div id=\"story-d792995\" class=\"twae-story twae-repeater-item twae-story-right twae-story-no-icon\"><!-- Story Label --><div class=\"twae-labels\"><div class=\"twae-label-big\">2009<\/div><\/div><!-- Story Icon --><div class=\"twae-icon\"><i aria-hidden=\"true\" class=\"fab fa-cloudscale\"><\/i><\/div><!-- Story Arrow --><div class=\"twae-arrow\"><\/div><!-- Start of Story Content --><div class=\"twae-content\"><!-- Story Title --><div class=\"twae-title\">Controladores integrales<\/div><!-- Story Description --><div class=\"twae-description\"><p>Piloto autom\u00e1tico en todos los equipos.<\/p><p>Corte de secci\u00f3n en pulverizadoras y sembradoras<\/p><p>Aplicaci\u00f3n variable a\u00e9rea de reguladores de crecimiento del algod\u00f3n DIVRA<\/p><\/div><\/div><\/div><!-- Start of Story Repeater Content --><div id=\"story-83bd170\" class=\"twae-story twae-repeater-item twae-story-left twae-story-no-icon\"><!-- Story Label --><div class=\"twae-labels\"><div class=\"twae-label-big\">2011<\/div><\/div><!-- Story Icon --><div class=\"twae-icon\"><i aria-hidden=\"true\" class=\"fas fa-people-arrows\"><\/i><\/div><!-- Story Arrow --><div class=\"twae-arrow\"><\/div><!-- Start of Story Content --><div class=\"twae-content\"><!-- Story Title --><div class=\"twae-title\">Cultivos de servicios en El Consuelo<\/div><!-- Story Description --><div class=\"twae-description\"><p>Formaci\u00f3n y capacitaci\u00f3n profesional<\/p><\/div><\/div><\/div><!-- Start of Story Repeater Content --><div id=\"story-4d62493\" class=\"twae-story twae-repeater-item twae-story-right twae-story-no-icon\"><!-- Story Label --><div class=\"twae-labels\"><div class=\"twae-label-big\">2012<\/div><\/div><!-- Story Icon --><div class=\"twae-icon\"><i aria-hidden=\"true\" class=\"fas fa-link\"><\/i><\/div><!-- Story Arrow --><div class=\"twae-arrow\"><\/div><!-- Start of Story Content --><div class=\"twae-content\"><!-- Story Title --><div class=\"twae-title\">Implementaci\u00f3n Gestion RSE y cadena de valor<\/div><!-- Story Description --><div class=\"twae-description\"><p>Gesti\u00f3n de envases de productos fitosanitarios<\/p><p>Seguimiento en tiempo real de pulverizadoras para aplicaci\u00f3n de fitosanitarios<\/p><\/div><\/div><\/div><!-- Start of Story Repeater Content --><div id=\"story-83ea089\" class=\"twae-story twae-repeater-item twae-story-left twae-story-no-icon\"><!-- Story Label --><div class=\"twae-labels\"><div class=\"twae-label-big\">2013<\/div><\/div><!-- Story Icon --><div class=\"twae-icon\"><i aria-hidden=\"true\" class=\"fas fa-crosshairs\"><\/i><\/div><!-- Story Arrow --><div class=\"twae-arrow\"><\/div><!-- Start of Story Content --><div class=\"twae-content\"><!-- Story Title --><div class=\"twae-title\">Precision Planting<\/div><!-- Story Description --><div class=\"twae-description\"><p>Mejor calidad de siembra<\/p><p>Mayor segregaci\u00f3n de ambientes<\/p><p>Mayor cantidad de informaci\u00f3n<\/p><\/div><\/div><\/div><!-- Start of Story Repeater Content --><div id=\"story-2523b07\" class=\"twae-story twae-repeater-item twae-story-right twae-story-no-icon\"><!-- Story Label --><div class=\"twae-labels\"><div class=\"twae-label-big\">2015<\/div><\/div><!-- Story Icon --><div class=\"twae-icon\"><i aria-hidden=\"true\" class=\"fas fa-prescription\"><\/i><\/div><!-- Story Arrow --><div class=\"twae-arrow\"><\/div><!-- Start of Story Content --><div class=\"twae-content\"><!-- Story Title --><div class=\"twae-title\">Prescripciones continuas<\/div><!-- Story Description --><div class=\"twae-description\"><p>Tratamiento profesional de semillas<\/p><p>Procesamiento de mapa de rendimiento (MDR)<\/p><p>Control de labores<\/p><p>Certificaci\u00f3n de Soja Responsable - CRS<\/p><\/div><\/div><\/div><!-- Start of Story Repeater Content --><div id=\"story-36f0497\" class=\"twae-story twae-repeater-item twae-story-left twae-story-no-icon\"><!-- Story Label --><div class=\"twae-labels\"><div class=\"twae-label-big\">2016<\/div><\/div><!-- Story Icon --><div class=\"twae-icon\"><i aria-hidden=\"true\" class=\"fas fa-plane\"><\/i><\/div><!-- Story Arrow --><div class=\"twae-arrow\"><\/div><!-- Start of Story Content --><div class=\"twae-content\"><!-- Story Title --><div class=\"twae-title\">Field View<\/div><!-- Story Description --><div class=\"twae-description\"><p><span>Transmisi\u00f3n en tiempo real en cosechadoras<\/span><\/p><p><span>Weed<\/span> <span>Seeker<\/span><\/p><p><span>Ambientaci\u00f3n seg\u00fan a\u00f1o esperado<\/span><\/p><p><span>Sem\u00e1foros en las pulverizadoras y aviones<\/span><\/p><\/div><\/div><\/div><!-- Start of Story Repeater Content --><div id=\"story-cf0d2b6\" class=\"twae-story twae-repeater-item twae-story-right twae-story-no-icon\"><!-- Story Label --><div class=\"twae-labels\"><div class=\"twae-label-big\">2019<\/div><\/div><!-- Story Icon --><div class=\"twae-icon\"><i aria-hidden=\"true\" class=\"fab fa-pagelines\"><\/i><\/div><!-- Story Arrow --><div class=\"twae-arrow\"><\/div><!-- Start of Story Content --><div class=\"twae-content\"><!-- Story Title --><div class=\"twae-title\">Pulverizadora propia<\/div><!-- Story Description --><div class=\"twae-description\"><p>Plataforma JD<\/p><p>Ganader\u00eda regenerativa<\/p><p>Incorporaci\u00f3n de la vicia a los cultivos de servicio<\/p><\/div><\/div><\/div><!-- Start of Story Repeater Content --><div id=\"story-e2d0ad7\" class=\"twae-story twae-repeater-item twae-story-left twae-story-no-icon\"><!-- Story Label --><div class=\"twae-labels\"><div class=\"twae-label-big\">2020<\/div><\/div><!-- Story Icon --><div class=\"twae-icon\"><i aria-hidden=\"true\" class=\"fas fa-tree\"><\/i><\/div><!-- Story Arrow --><div class=\"twae-arrow\"><\/div><!-- Start of Story Content --><div class=\"twae-content\"><!-- Story Title --><div class=\"twae-title\">Proyecto forestal<\/div><!-- Story Description --><div class=\"twae-description\"><p>Primer avi\u00f3n certificado en BPA-norma IRAM 14130 del pa\u00eds<\/p><p>Primeras pulverizadoras terrestres certificadas en BPA-norma IRAM 14130 del NOA.<\/p><\/div><\/div><\/div><!-- Start of Story Repeater Content --><div id=\"story-949f7b1\" class=\"twae-story twae-repeater-item twae-story-right twae-story-no-icon\"><!-- Story Label --><div class=\"twae-labels\"><div class=\"twae-label-big\">2021<\/div><\/div><!-- Story Icon --><div class=\"twae-icon\"><i aria-hidden=\"true\" class=\"fas fa-certificate\"><\/i><\/div><!-- Story Arrow --><div class=\"twae-arrow\"><\/div><!-- Start of Story Content --><div class=\"twae-content\"><!-- Story Title --><div class=\"twae-title\">Algod\u00f3n Responsable<\/div><!-- Story Description --><div class=\"twae-description\"><p>Primer empresa del pa\u00eds en certificar Algod\u00f3n Responsable Argentino - ARA<\/p><p>Digitalizaci\u00f3n de la informaci\u00f3n agron\u00f3mica<\/p><\/div><\/div><\/div><!-- Start of Story Repeater Content --><div id=\"story-01ba703\" class=\"twae-story twae-repeater-item twae-story-left twae-story-no-icon\"><!-- Story Label --><div class=\"twae-labels\"><div class=\"twae-label-big\">2022<\/div><\/div><!-- Story Icon --><div class=\"twae-icon\"><i aria-hidden=\"true\" class=\"fas fa-microchip\"><\/i><\/div><!-- Story Arrow --><div class=\"twae-arrow\"><\/div><!-- Start of Story Content --><div class=\"twae-content\"><!-- Story Title --><div class=\"twae-title\">Intensificaci\u00f3n de la rotaci\u00f3n<\/div><!-- Story Description --><div class=\"twae-description\"><p>Indicadores de gesti\u00f3n sustentable<\/p><p>Automatizaci\u00f3n de procesos<\/p><\/div><\/div><\/div><\/div>\n    <div class=\"twae-end\"><\/div>\n    <\/div><style type=\"text\/css\">@media (max-width: 1024px){ .twae-wrapper{--tw-ybx-size: 80px !important;}}@media (max-width: 767px){ .twae-wrapper{--tw-ybx-size: 80px !important}}<\/style>\t\t\t\t<\/div>\n\t\t\t\t<\/div>\n\t\t\t\t\t<\/div>\n\t\t<\/div>\n\t\t\t\t\t<\/div>\n\t\t<\/section>\n\t\t\t\t<\/div>\n\t\t","protected":false},"excerpt":{"rendered":"<p>Tecnolog\u00eda Buenas Pr\u00e1cticas Agr\u00edcolas Agricultura por ambientes Tecnolog\u00edas de aplicaci\u00f3n Digitalizaci\u00f3n y trazabilidad Agricultura certificada Inteligencia Artificial Automatizaci\u00f3n de procesos Vamos hacia&#8230; [&hellip;]<\/p>\n","protected":false},"author":1,"featured_media":0,"parent":0,"menu_order":0,"comment_status":"closed","ping_status":"closed","template":"elementor_canvas","meta":{"footnotes":""},"class_list":["post-480","page","type-page","status-publish","hentry"],"_links":{"self":[{"href":"https:\/\/liag.com.ar\/index.php\/wp-json\/wp\/v2\/pages\/480","targetHints":{"allow":["GET"]}}],"collection":[{"href":"https:\/\/liag.com.ar\/index.php\/wp-json\/wp\/v2\/pages"}],"about":[{"href":"https:\/\/liag.com.ar\/index.php\/wp-json\/wp\/v2\/types\/page"}],"author":[{"embeddable":true,"href":"https:\/\/liag.com.ar\/index.php\/wp-json\/wp\/v2\/users\/1"}],"replies":[{"embeddable":true,"href":"https:\/\/liag.com.ar\/index.php\/wp-json\/wp\/v2\/comments?post=480"}],"version-history":[{"count":43,"href":"https:\/\/liag.com.ar\/index.php\/wp-json\/wp\/v2\/pages\/480\/revisions"}],"predecessor-version":[{"id":686,"href":"https:\/\/liag.com.ar\/index.php\/wp-json\/wp\/v2\/pages\/480\/revisions\/686"}],"wp:attachment":[{"href":"https:\/\/liag.com.ar\/index.php\/wp-json\/wp\/v2\/media?parent=480"}],"curies":[{"name":"wp","href":"https:\/\/api.w.org\/{rel}","templated":true}]}}