{"id":409,"date":"2023-03-09T20:15:33","date_gmt":"2023-03-09T20:15:33","guid":{"rendered":"http:\/\/prueba.hypnodia.com.ar\/?page_id=409"},"modified":"2023-03-09T20:16:58","modified_gmt":"2023-03-09T20:16:58","slug":"videos-liag","status":"publish","type":"page","link":"https:\/\/liag.com.ar\/index.php\/videos-liag\/","title":{"rendered":"Videos"},"content":{"rendered":"\t\t<div data-elementor-type=\"wp-page\" data-elementor-id=\"409\" class=\"elementor elementor-409\">\n\t\t\t\t\t\t<section class=\"elementor-section elementor-top-section elementor-element elementor-element-559f28b elementor-section-full_width elementor-section-height-default elementor-section-height-default\" data-id=\"559f28b\" data-element_type=\"section\" data-e-type=\"section\">\n\t\t\t\t\t\t<div class=\"elementor-container elementor-column-gap-default\">\n\t\t\t\t\t<div class=\"elementor-column elementor-col-100 elementor-top-column elementor-element elementor-element-6120598\" data-id=\"6120598\" data-element_type=\"column\" data-e-type=\"column\">\n\t\t\t<div class=\"elementor-widget-wrap elementor-element-populated\">\n\t\t\t\t\t\t<div class=\"elementor-element elementor-element-50a0282 elementor-widget elementor-widget-heading\" data-id=\"50a0282\" data-element_type=\"widget\" data-e-type=\"widget\" data-widget_type=\"heading.default\">\n\t\t\t\t<div class=\"elementor-widget-container\">\n\t\t\t\t\t<h2 class=\"elementor-heading-title elementor-size-default\">Nuestros videos<\/h2>\t\t\t\t<\/div>\n\t\t\t\t<\/div>\n\t\t\t\t<div class=\"elementor-element elementor-element-5d2d640 elementor-widget elementor-widget-lae-portfolio\" data-id=\"5d2d640\" data-element_type=\"widget\" data-e-type=\"widget\" data-settings=\"{&quot;per_line&quot;:&quot;4&quot;,&quot;per_line_tablet&quot;:&quot;2&quot;,&quot;per_line_mobile&quot;:&quot;1&quot;}\" data-widget_type=\"lae-portfolio.default\">\n\t\t\t\t<div class=\"elementor-widget-container\">\n\t\t\t\t\t<div class=\"lae-portfolio-wrap lae-gapless-grid\"><div id=\"lae-portfolio-69f3fdad5a62f\" class=\"lae-portfolio js-isotope lae-fitRows lae-grid-container lae-classic-skin lae-grid-desktop-4 lae-grid-tablet-2 lae-grid-mobile-1\" data-isotope-options='{ \"itemSelector\": \".lae-portfolio-item\", \"layoutMode\": \"fitRows\", \"originLeft\": true}'><div data-id=\"id-608\" class=\"lae-grid-item lae-portfolio-item  term-5\"><article id=\"post-608\" class=\"post-608 post type-post status-publish format-video has-post-thumbnail hentry category-videos post_format-post-format-video\"><div class=\"lae-project-image\"><a href=\"https:\/\/liag.com.ar\/index.php\/2023\/04\/03\/ciencia-de-datos-y-agricultura-sostenible-la-formula-del-exito-de-liag\/\"\u030c\u030c target=\"_blank\"><img fetchpriority=\"high\" width=\"1366\" height=\"720\" src=\"https:\/\/liag.com.ar\/wp-content\/uploads\/2023\/04\/vedia.jpg\" class=\"lae-image skip-lazy no-lazyload exclude-me a3-notlazy attachment-full size-full\" alt=\"vedia\" title=\"vedia\" data-no-lazy=\"1\" loading=\"eager\" decoding=\"sync\" srcset=\"https:\/\/liag.com.ar\/wp-content\/uploads\/2023\/04\/vedia.jpg 1366w, https:\/\/liag.com.ar\/wp-content\/uploads\/2023\/04\/vedia-300x158.jpg 300w, https:\/\/liag.com.ar\/wp-content\/uploads\/2023\/04\/vedia-1024x540.jpg 1024w, https:\/\/liag.com.ar\/wp-content\/uploads\/2023\/04\/vedia-768x405.jpg 768w, https:\/\/liag.com.ar\/wp-content\/uploads\/2023\/04\/vedia-1000x527.jpg 1000w, https:\/\/liag.com.ar\/wp-content\/uploads\/2023\/04\/vedia-230x121.jpg 230w, https:\/\/liag.com.ar\/wp-content\/uploads\/2023\/04\/vedia-350x184.jpg 350w, https:\/\/liag.com.ar\/wp-content\/uploads\/2023\/04\/vedia-480x253.jpg 480w\" sizes=\"(max-width: 1366px) 100vw, 1366px\" \/><\/a><div class=\"lae-image-info\"><div class=\"lae-entry-info\"><h3 class=\"lae-post-title\"><a href=\"https:\/\/liag.com.ar\/index.php\/2023\/04\/03\/ciencia-de-datos-y-agricultura-sostenible-la-formula-del-exito-de-liag\/\" title=\"Ciencia de datos y agricultura sostenible, la f\u00f3rmula del \u00e9xito de Liag\" rel=\"bookmark\" target=\"_blank\">Ciencia de datos y agricultura sostenible, la f\u00f3rmula del \u00e9xito de Liag<\/a><\/h3><\/div><\/div><!-- .lae-image-info --><\/div><div class=\"lae-entry-text-wrap \"><h3 class=\"entry-title\"><a href=\"https:\/\/liag.com.ar\/index.php\/2023\/04\/03\/ciencia-de-datos-y-agricultura-sostenible-la-formula-del-exito-de-liag\/\" title=\"Ciencia de datos y agricultura sostenible, la f\u00f3rmula del \u00e9xito de Liag\" rel=\"bookmark\" target=\"_blank\">Ciencia de datos y agricultura sostenible, la f\u00f3rmula del \u00e9xito de Liag<\/a><\/h3><div class=\"entry-summary\">\u00a0la empresa Liag plasma una producci\u00f3n agropecuaria que defiende la eficiencia con rotaciones, cultivos de servicio, y una apuesta por la tecnolog\u00eda [\u2026]<\/div><div class=\"lae-read-more\"><a href=\"https:\/\/liag.com.ar\/index.php\/2023\/04\/03\/ciencia-de-datos-y-agricultura-sostenible-la-formula-del-exito-de-liag\/\" target=\"_blank\">Leer m\u00e1s<\/a><\/div><\/div><\/article><!-- .hentry --><\/div><div data-id=\"id-600\" class=\"lae-grid-item lae-portfolio-item  term-5\"><article id=\"post-600\" class=\"post-600 post type-post status-publish format-video has-post-thumbnail hentry category-videos post_format-post-format-video\"><div class=\"lae-project-image\"><a href=\"https:\/\/liag.com.ar\/index.php\/2023\/04\/03\/una-empresa-apuesta-a-la-forestacion-con-acompanamiento-de-inta-2\/\"\u030c\u030c target=\"_blank\"><img width=\"1366\" height=\"720\" src=\"https:\/\/liag.com.ar\/wp-content\/uploads\/2023\/04\/forestacion-las-balas.jpg\" class=\"lae-image skip-lazy no-lazyload exclude-me a3-notlazy attachment-full size-full\" alt=\"forestacion las balas\" title=\"forestacion las balas\" data-no-lazy=\"1\" loading=\"eager\" decoding=\"sync\" srcset=\"https:\/\/liag.com.ar\/wp-content\/uploads\/2023\/04\/forestacion-las-balas.jpg 1366w, https:\/\/liag.com.ar\/wp-content\/uploads\/2023\/04\/forestacion-las-balas-300x158.jpg 300w, https:\/\/liag.com.ar\/wp-content\/uploads\/2023\/04\/forestacion-las-balas-1024x540.jpg 1024w, https:\/\/liag.com.ar\/wp-content\/uploads\/2023\/04\/forestacion-las-balas-768x405.jpg 768w, https:\/\/liag.com.ar\/wp-content\/uploads\/2023\/04\/forestacion-las-balas-1000x527.jpg 1000w, https:\/\/liag.com.ar\/wp-content\/uploads\/2023\/04\/forestacion-las-balas-230x121.jpg 230w, https:\/\/liag.com.ar\/wp-content\/uploads\/2023\/04\/forestacion-las-balas-350x184.jpg 350w, https:\/\/liag.com.ar\/wp-content\/uploads\/2023\/04\/forestacion-las-balas-480x253.jpg 480w\" sizes=\"(max-width: 1366px) 100vw, 1366px\" \/><\/a><div class=\"lae-image-info\"><div class=\"lae-entry-info\"><h3 class=\"lae-post-title\"><a href=\"https:\/\/liag.com.ar\/index.php\/2023\/04\/03\/una-empresa-apuesta-a-la-forestacion-con-acompanamiento-de-inta-2\/\" title=\"Una empresa apuesta a la forestaci\u00f3n con acompa\u00f1amiento de INTA\" rel=\"bookmark\" target=\"_blank\">Una empresa apuesta a la forestaci\u00f3n con acompa\u00f1amiento de INTA<\/a><\/h3><\/div><\/div><!-- .lae-image-info --><\/div><div class=\"lae-entry-text-wrap \"><h3 class=\"entry-title\"><a href=\"https:\/\/liag.com.ar\/index.php\/2023\/04\/03\/una-empresa-apuesta-a-la-forestacion-con-acompanamiento-de-inta-2\/\" title=\"Una empresa apuesta a la forestaci\u00f3n con acompa\u00f1amiento de INTA\" rel=\"bookmark\" target=\"_blank\">Una empresa apuesta a la forestaci\u00f3n con acompa\u00f1amiento de INTA<\/a><\/h3><div class=\"entry-summary\">Fort\u00edn Acha es un paraje rural del distrito de Leandro N. Alem, en el norte de la provincia de #BuenosAires, en el [\u2026]<\/div><div class=\"lae-read-more\"><a href=\"https:\/\/liag.com.ar\/index.php\/2023\/04\/03\/una-empresa-apuesta-a-la-forestacion-con-acompanamiento-de-inta-2\/\" target=\"_blank\">Leer m\u00e1s<\/a><\/div><\/div><\/article><!-- .hentry --><\/div><div data-id=\"id-375\" class=\"lae-grid-item lae-portfolio-item  term-5\"><article id=\"post-375\" class=\"post-375 post type-post status-publish format-video has-post-thumbnail hentry category-videos post_format-post-format-video\"><div class=\"lae-project-image\"><a href=\"https:\/\/liag.com.ar\/index.php\/2023\/03\/06\/una-empresa-apuesta-a-la-forestacion-con-acompanamiento-de-inta\/\"\u030c\u030c target=\"_blank\"><img width=\"1366\" height=\"720\" src=\"https:\/\/liag.com.ar\/wp-content\/uploads\/2023\/04\/consuelo.jpg\" class=\"lae-image skip-lazy no-lazyload exclude-me a3-notlazy attachment-full size-full\" alt=\"consuelo\" title=\"consuelo\" data-no-lazy=\"1\" loading=\"eager\" decoding=\"sync\" srcset=\"https:\/\/liag.com.ar\/wp-content\/uploads\/2023\/04\/consuelo.jpg 1366w, https:\/\/liag.com.ar\/wp-content\/uploads\/2023\/04\/consuelo-300x158.jpg 300w, https:\/\/liag.com.ar\/wp-content\/uploads\/2023\/04\/consuelo-1024x540.jpg 1024w, https:\/\/liag.com.ar\/wp-content\/uploads\/2023\/04\/consuelo-768x405.jpg 768w, https:\/\/liag.com.ar\/wp-content\/uploads\/2023\/04\/consuelo-1000x527.jpg 1000w, https:\/\/liag.com.ar\/wp-content\/uploads\/2023\/04\/consuelo-230x121.jpg 230w, https:\/\/liag.com.ar\/wp-content\/uploads\/2023\/04\/consuelo-350x184.jpg 350w, https:\/\/liag.com.ar\/wp-content\/uploads\/2023\/04\/consuelo-480x253.jpg 480w\" sizes=\"(max-width: 1366px) 100vw, 1366px\" \/><\/a><div class=\"lae-image-info\"><div class=\"lae-entry-info\"><h3 class=\"lae-post-title\"><a href=\"https:\/\/liag.com.ar\/index.php\/2023\/03\/06\/una-empresa-apuesta-a-la-forestacion-con-acompanamiento-de-inta\/\" title=\"Agricultura de \u00e9lite que se fortalece con informaci\u00f3n en tiempo real\" rel=\"bookmark\" target=\"_blank\">Agricultura de \u00e9lite que se fortalece con informaci\u00f3n en tiempo real<\/a><\/h3><\/div><\/div><!-- .lae-image-info --><\/div><div class=\"lae-entry-text-wrap \"><h3 class=\"entry-title\"><a href=\"https:\/\/liag.com.ar\/index.php\/2023\/03\/06\/una-empresa-apuesta-a-la-forestacion-con-acompanamiento-de-inta\/\" title=\"Agricultura de \u00e9lite que se fortalece con informaci\u00f3n en tiempo real\" rel=\"bookmark\" target=\"_blank\">Agricultura de \u00e9lite que se fortalece con informaci\u00f3n en tiempo real<\/a><\/h3><div class=\"entry-summary\">Con gen\u00e9tica de punta, tecnolog\u00eda de agricultura de precisi\u00f3n y acertadas decisiones de manejo, Liag se es referente entre las empresas agr\u00edcolas [\u2026]<\/div><div class=\"lae-read-more\"><a href=\"https:\/\/liag.com.ar\/index.php\/2023\/03\/06\/una-empresa-apuesta-a-la-forestacion-con-acompanamiento-de-inta\/\" target=\"_blank\">Leer m\u00e1s<\/a><\/div><\/div><\/article><!-- .hentry --><\/div><\/div><!-- .lae-portfolio --><\/div><!-- .lae-portfolio-wrap -->\t\t\t\t<\/div>\n\t\t\t\t<\/div>\n\t\t\t\t\t<\/div>\n\t\t<\/div>\n\t\t\t\t\t<\/div>\n\t\t<\/section>\n\t\t\t\t<\/div>\n\t\t","protected":false},"excerpt":{"rendered":"<p>Nuestros videos Una empresa apuesta a la forestaci\u00f3n con acompa\u00f1amiento de INTA Fort\u00edn Acha es un paraje rural del distrito de Leandro [&hellip;]<\/p>\n","protected":false},"author":1,"featured_media":0,"parent":0,"menu_order":0,"comment_status":"closed","ping_status":"closed","template":"elementor_canvas","meta":{"footnotes":""},"class_list":["post-409","page","type-page","status-publish","hentry"],"_links":{"self":[{"href":"https:\/\/liag.com.ar\/index.php\/wp-json\/wp\/v2\/pages\/409","targetHints":{"allow":["GET"]}}],"collection":[{"href":"https:\/\/liag.com.ar\/index.php\/wp-json\/wp\/v2\/pages"}],"about":[{"href":"https:\/\/liag.com.ar\/index.php\/wp-json\/wp\/v2\/types\/page"}],"author":[{"embeddable":true,"href":"https:\/\/liag.com.ar\/index.php\/wp-json\/wp\/v2\/users\/1"}],"replies":[{"embeddable":true,"href":"https:\/\/liag.com.ar\/index.php\/wp-json\/wp\/v2\/comments?post=409"}],"version-history":[{"count":5,"href":"https:\/\/liag.com.ar\/index.php\/wp-json\/wp\/v2\/pages\/409\/revisions"}],"predecessor-version":[{"id":440,"href":"https:\/\/liag.com.ar\/index.php\/wp-json\/wp\/v2\/pages\/409\/revisions\/440"}],"wp:attachment":[{"href":"https:\/\/liag.com.ar\/index.php\/wp-json\/wp\/v2\/media?parent=409"}],"curies":[{"name":"wp","href":"https:\/\/api.w.org\/{rel}","templated":true}]}}