{"id":138,"date":"2023-02-27T13:55:42","date_gmt":"2023-02-27T13:55:42","guid":{"rendered":"https:\/\/liagdev.ongrowstudio.com\/?page_id=138"},"modified":"2023-05-05T11:51:44","modified_gmt":"2023-05-05T11:51:44","slug":"rse","status":"publish","type":"page","link":"https:\/\/liag.com.ar\/index.php\/rse\/","title":{"rendered":"RSE"},"content":{"rendered":"\t\t<div data-elementor-type=\"wp-page\" data-elementor-id=\"138\" class=\"elementor elementor-138\">\n\t\t\t\t\t\t<section class=\"elementor-section elementor-top-section elementor-element elementor-element-a06d483 elementor-section-boxed elementor-section-height-default elementor-section-height-default\" data-id=\"a06d483\" data-element_type=\"section\" data-e-type=\"section\" data-settings=\"{&quot;background_background&quot;:&quot;classic&quot;}\">\n\t\t\t\t\t\t\t<div class=\"elementor-background-overlay\"><\/div>\n\t\t\t\t\t\t\t<div class=\"elementor-container elementor-column-gap-default\">\n\t\t\t\t\t<div class=\"elementor-column elementor-col-100 elementor-top-column elementor-element elementor-element-01a51fd\" data-id=\"01a51fd\" data-element_type=\"column\" data-e-type=\"column\">\n\t\t\t<div class=\"elementor-widget-wrap elementor-element-populated\">\n\t\t\t\t\t\t<div class=\"elementor-element elementor-element-172704c elementor-align-center elementor-widget elementor-widget-button\" data-id=\"172704c\" data-element_type=\"widget\" data-e-type=\"widget\" data-widget_type=\"button.default\">\n\t\t\t\t<div class=\"elementor-widget-container\">\n\t\t\t\t\t\t\t\t\t<div class=\"elementor-button-wrapper\">\n\t\t\t\t\t<a class=\"elementor-button elementor-size-sm\" role=\"button\">\n\t\t\t\t\t\t<span class=\"elementor-button-content-wrapper\">\n\t\t\t\t\t\t\t\t\t<span class=\"elementor-button-text\">RSE<\/span>\n\t\t\t\t\t<\/span>\n\t\t\t\t\t<\/a>\n\t\t\t\t<\/div>\n\t\t\t\t\t\t\t\t<\/div>\n\t\t\t\t<\/div>\n\t\t\t\t\t<\/div>\n\t\t<\/div>\n\t\t\t\t\t<\/div>\n\t\t<\/section>\n\t\t\t\t<section class=\"elementor-section elementor-top-section elementor-element elementor-element-559f28b elementor-section-full_width elementor-section-height-default elementor-section-height-default\" data-id=\"559f28b\" data-element_type=\"section\" data-e-type=\"section\">\n\t\t\t\t\t\t<div class=\"elementor-container elementor-column-gap-default\">\n\t\t\t\t\t<div class=\"elementor-column elementor-col-33 elementor-top-column elementor-element elementor-element-6120598\" data-id=\"6120598\" data-element_type=\"column\" data-e-type=\"column\">\n\t\t\t<div class=\"elementor-widget-wrap elementor-element-populated\">\n\t\t\t\t\t\t<div class=\"elementor-element elementor-element-172586f elementor-widget elementor-widget-image\" data-id=\"172586f\" data-element_type=\"widget\" data-e-type=\"widget\" data-widget_type=\"image.default\">\n\t\t\t\t<div class=\"elementor-widget-container\">\n\t\t\t\t\t\t\t\t\t\t\t\t\t\t\t<img fetchpriority=\"high\" decoding=\"async\" width=\"513\" height=\"513\" src=\"https:\/\/liag.com.ar\/wp-content\/uploads\/2023\/02\/icon_comprender.png\" class=\"attachment-full size-full wp-image-141\" alt=\"\" srcset=\"https:\/\/liag.com.ar\/wp-content\/uploads\/2023\/02\/icon_comprender.png 513w, https:\/\/liag.com.ar\/wp-content\/uploads\/2023\/02\/icon_comprender-300x300.png 300w, https:\/\/liag.com.ar\/wp-content\/uploads\/2023\/02\/icon_comprender-150x150.png 150w, https:\/\/liag.com.ar\/wp-content\/uploads\/2023\/02\/icon_comprender-230x230.png 230w, https:\/\/liag.com.ar\/wp-content\/uploads\/2023\/02\/icon_comprender-350x350.png 350w, https:\/\/liag.com.ar\/wp-content\/uploads\/2023\/02\/icon_comprender-480x480.png 480w\" sizes=\"(max-width: 513px) 100vw, 513px\" \/>\t\t\t\t\t\t\t\t\t\t\t\t\t\t\t<\/div>\n\t\t\t\t<\/div>\n\t\t\t\t<div class=\"elementor-element elementor-element-50a0282 elementor-widget elementor-widget-heading\" data-id=\"50a0282\" data-element_type=\"widget\" data-e-type=\"widget\" data-widget_type=\"heading.default\">\n\t\t\t\t<div class=\"elementor-widget-container\">\n\t\t\t\t\t<h2 class=\"elementor-heading-title elementor-size-default\">Comprender<\/h2>\t\t\t\t<\/div>\n\t\t\t\t<\/div>\n\t\t\t\t<div class=\"elementor-element elementor-element-248d5da elementor-widget elementor-widget-text-editor\" data-id=\"248d5da\" data-element_type=\"widget\" data-e-type=\"widget\" data-widget_type=\"text-editor.default\">\n\t\t\t\t<div class=\"elementor-widget-container\">\n\t\t\t\t\t\t\t\t\t<p>Comprendemos que la responsabilidad social es el modelo de gesti\u00f3n que nos permite llevar adelante un desempe\u00f1o econ\u00f3mico, social y ambiental que sea viable para las actuales y futuras generaciones que formen parte de LIAG y su entorno.<br \/>Fieles a nuestra visi\u00f3n de contribuir al desarrollo sostenible, gestionamos la responsabilidad social sobre la base de nuestros valores.<\/p>\t\t\t\t\t\t\t\t<\/div>\n\t\t\t\t<\/div>\n\t\t\t\t<div class=\"elementor-element elementor-element-3ad969d elementor-hidden-desktop elementor-hidden-tablet elementor-widget-divider--view-line elementor-widget elementor-widget-divider\" data-id=\"3ad969d\" data-element_type=\"widget\" data-e-type=\"widget\" data-widget_type=\"divider.default\">\n\t\t\t\t<div class=\"elementor-widget-container\">\n\t\t\t\t\t\t\t<div class=\"elementor-divider\">\n\t\t\t<span class=\"elementor-divider-separator\">\n\t\t\t\t\t\t<\/span>\n\t\t<\/div>\n\t\t\t\t\t\t<\/div>\n\t\t\t\t<\/div>\n\t\t\t\t\t<\/div>\n\t\t<\/div>\n\t\t\t\t<div class=\"elementor-column elementor-col-33 elementor-top-column elementor-element elementor-element-4e9bb0a\" data-id=\"4e9bb0a\" data-element_type=\"column\" data-e-type=\"column\">\n\t\t\t<div class=\"elementor-widget-wrap elementor-element-populated\">\n\t\t\t\t\t\t<div class=\"elementor-element elementor-element-f1736d7 elementor-widget elementor-widget-image\" data-id=\"f1736d7\" data-element_type=\"widget\" data-e-type=\"widget\" data-widget_type=\"image.default\">\n\t\t\t\t<div class=\"elementor-widget-container\">\n\t\t\t\t\t\t\t\t\t\t\t\t\t\t\t<img decoding=\"async\" width=\"513\" height=\"513\" src=\"https:\/\/liag.com.ar\/wp-content\/uploads\/2023\/02\/icon_reflexionar.png\" class=\"attachment-full size-full wp-image-143\" alt=\"\" srcset=\"https:\/\/liag.com.ar\/wp-content\/uploads\/2023\/02\/icon_reflexionar.png 513w, https:\/\/liag.com.ar\/wp-content\/uploads\/2023\/02\/icon_reflexionar-300x300.png 300w, https:\/\/liag.com.ar\/wp-content\/uploads\/2023\/02\/icon_reflexionar-150x150.png 150w, https:\/\/liag.com.ar\/wp-content\/uploads\/2023\/02\/icon_reflexionar-230x230.png 230w, https:\/\/liag.com.ar\/wp-content\/uploads\/2023\/02\/icon_reflexionar-350x350.png 350w, https:\/\/liag.com.ar\/wp-content\/uploads\/2023\/02\/icon_reflexionar-480x480.png 480w\" sizes=\"(max-width: 513px) 100vw, 513px\" \/>\t\t\t\t\t\t\t\t\t\t\t\t\t\t\t<\/div>\n\t\t\t\t<\/div>\n\t\t\t\t<div class=\"elementor-element elementor-element-350f73c elementor-widget elementor-widget-heading\" data-id=\"350f73c\" data-element_type=\"widget\" data-e-type=\"widget\" data-widget_type=\"heading.default\">\n\t\t\t\t<div class=\"elementor-widget-container\">\n\t\t\t\t\t<h2 class=\"elementor-heading-title elementor-size-default\">Reflexionar<\/h2>\t\t\t\t<\/div>\n\t\t\t\t<\/div>\n\t\t\t\t<div class=\"elementor-element elementor-element-fe0f270 elementor-widget elementor-widget-text-editor\" data-id=\"fe0f270\" data-element_type=\"widget\" data-e-type=\"widget\" data-widget_type=\"text-editor.default\">\n\t\t\t\t<div class=\"elementor-widget-container\">\n\t\t\t\t\t\t\t\t\t<p>Una gesti\u00f3n socialmente responsable basada en valores, hace a nuestra cultura organizacional y contribuye a la fidelizaci\u00f3n y sentido de pertenencia de nuestros colaboradores.<br \/>A su vez una gesti\u00f3n socialmente responsable nos permite tener un efecto en la comunidad donde todos nosotros trabajamos.<\/p>\t\t\t\t\t\t\t\t<\/div>\n\t\t\t\t<\/div>\n\t\t\t\t<div class=\"elementor-element elementor-element-de102b0 elementor-hidden-desktop elementor-hidden-tablet elementor-widget-divider--view-line elementor-widget elementor-widget-divider\" data-id=\"de102b0\" data-element_type=\"widget\" data-e-type=\"widget\" data-widget_type=\"divider.default\">\n\t\t\t\t<div class=\"elementor-widget-container\">\n\t\t\t\t\t\t\t<div class=\"elementor-divider\">\n\t\t\t<span class=\"elementor-divider-separator\">\n\t\t\t\t\t\t<\/span>\n\t\t<\/div>\n\t\t\t\t\t\t<\/div>\n\t\t\t\t<\/div>\n\t\t\t\t\t<\/div>\n\t\t<\/div>\n\t\t\t\t<div class=\"elementor-column elementor-col-33 elementor-top-column elementor-element elementor-element-fc00cd8\" data-id=\"fc00cd8\" data-element_type=\"column\" data-e-type=\"column\">\n\t\t\t<div class=\"elementor-widget-wrap elementor-element-populated\">\n\t\t\t\t\t\t<div class=\"elementor-element elementor-element-15a0aee elementor-widget elementor-widget-image\" data-id=\"15a0aee\" data-element_type=\"widget\" data-e-type=\"widget\" data-widget_type=\"image.default\">\n\t\t\t\t<div class=\"elementor-widget-container\">\n\t\t\t\t\t\t\t\t\t\t\t\t\t\t\t<img decoding=\"async\" width=\"513\" height=\"513\" src=\"https:\/\/liag.com.ar\/wp-content\/uploads\/2023\/02\/icon_proponer.png\" class=\"attachment-full size-full wp-image-142\" alt=\"\" srcset=\"https:\/\/liag.com.ar\/wp-content\/uploads\/2023\/02\/icon_proponer.png 513w, https:\/\/liag.com.ar\/wp-content\/uploads\/2023\/02\/icon_proponer-300x300.png 300w, https:\/\/liag.com.ar\/wp-content\/uploads\/2023\/02\/icon_proponer-150x150.png 150w, https:\/\/liag.com.ar\/wp-content\/uploads\/2023\/02\/icon_proponer-230x230.png 230w, https:\/\/liag.com.ar\/wp-content\/uploads\/2023\/02\/icon_proponer-350x350.png 350w, https:\/\/liag.com.ar\/wp-content\/uploads\/2023\/02\/icon_proponer-480x480.png 480w\" sizes=\"(max-width: 513px) 100vw, 513px\" \/>\t\t\t\t\t\t\t\t\t\t\t\t\t\t\t<\/div>\n\t\t\t\t<\/div>\n\t\t\t\t<div class=\"elementor-element elementor-element-56b0dc1 elementor-widget elementor-widget-heading\" data-id=\"56b0dc1\" data-element_type=\"widget\" data-e-type=\"widget\" data-widget_type=\"heading.default\">\n\t\t\t\t<div class=\"elementor-widget-container\">\n\t\t\t\t\t<h2 class=\"elementor-heading-title elementor-size-default\">Proponer<\/h2>\t\t\t\t<\/div>\n\t\t\t\t<\/div>\n\t\t\t\t<div class=\"elementor-element elementor-element-c9af118 elementor-widget elementor-widget-text-editor\" data-id=\"c9af118\" data-element_type=\"widget\" data-e-type=\"widget\" data-widget_type=\"text-editor.default\">\n\t\t\t\t<div class=\"elementor-widget-container\">\n\t\t\t\t\t\t\t\t\t<p>Creemos que cada uno desde su lugar de liderazgo puesto al servicio de los dem\u00e1s puede contribuir a la gesti\u00f3n socialmente responsable de LIAG, permitiendo el desarrollo de nuestra gente y de la comunidades que nos rodean.<br \/>Este es el compromiso de nuestra organizaci\u00f3n con el desarrollo sostenible.<\/p>\t\t\t\t\t\t\t\t<\/div>\n\t\t\t\t<\/div>\n\t\t\t\t\t<\/div>\n\t\t<\/div>\n\t\t\t\t\t<\/div>\n\t\t<\/section>\n\t\t\t\t<section class=\"elementor-section elementor-top-section elementor-element elementor-element-33cba0f elementor-section-boxed elementor-section-height-default elementor-section-height-default\" data-id=\"33cba0f\" data-element_type=\"section\" data-e-type=\"section\" data-settings=\"{&quot;background_background&quot;:&quot;classic&quot;}\">\n\t\t\t\t\t\t<div class=\"elementor-container elementor-column-gap-default\">\n\t\t\t\t\t<div class=\"elementor-column elementor-col-66 elementor-top-column elementor-element elementor-element-5895803\" data-id=\"5895803\" data-element_type=\"column\" data-e-type=\"column\">\n\t\t\t<div class=\"elementor-widget-wrap elementor-element-populated\">\n\t\t\t\t\t\t<div class=\"elementor-element elementor-element-4c85a23 elementor-widget elementor-widget-image\" data-id=\"4c85a23\" data-element_type=\"widget\" data-e-type=\"widget\" data-widget_type=\"image.default\">\n\t\t\t\t<div class=\"elementor-widget-container\">\n\t\t\t\t\t\t\t\t\t\t\t\t\t\t\t<img loading=\"lazy\" decoding=\"async\" width=\"1200\" height=\"835\" src=\"https:\/\/liag.com.ar\/wp-content\/uploads\/2023\/02\/1200px-ONU_\u2013_Objetivos_de_Desarrollo_Sostenible_Isologotipo.svg.png\" class=\"attachment-full size-full wp-image-144\" alt=\"\" srcset=\"https:\/\/liag.com.ar\/wp-content\/uploads\/2023\/02\/1200px-ONU_\u2013_Objetivos_de_Desarrollo_Sostenible_Isologotipo.svg.png 1200w, https:\/\/liag.com.ar\/wp-content\/uploads\/2023\/02\/1200px-ONU_\u2013_Objetivos_de_Desarrollo_Sostenible_Isologotipo.svg-300x209.png 300w, https:\/\/liag.com.ar\/wp-content\/uploads\/2023\/02\/1200px-ONU_\u2013_Objetivos_de_Desarrollo_Sostenible_Isologotipo.svg-1024x713.png 1024w, https:\/\/liag.com.ar\/wp-content\/uploads\/2023\/02\/1200px-ONU_\u2013_Objetivos_de_Desarrollo_Sostenible_Isologotipo.svg-768x534.png 768w, https:\/\/liag.com.ar\/wp-content\/uploads\/2023\/02\/1200px-ONU_\u2013_Objetivos_de_Desarrollo_Sostenible_Isologotipo.svg-1000x696.png 1000w, https:\/\/liag.com.ar\/wp-content\/uploads\/2023\/02\/1200px-ONU_\u2013_Objetivos_de_Desarrollo_Sostenible_Isologotipo.svg-230x160.png 230w, https:\/\/liag.com.ar\/wp-content\/uploads\/2023\/02\/1200px-ONU_\u2013_Objetivos_de_Desarrollo_Sostenible_Isologotipo.svg-350x244.png 350w, https:\/\/liag.com.ar\/wp-content\/uploads\/2023\/02\/1200px-ONU_\u2013_Objetivos_de_Desarrollo_Sostenible_Isologotipo.svg-480x334.png 480w\" sizes=\"(max-width: 1200px) 100vw, 1200px\" \/>\t\t\t\t\t\t\t\t\t\t\t\t\t\t\t<\/div>\n\t\t\t\t<\/div>\n\t\t\t\t\t<\/div>\n\t\t<\/div>\n\t\t\t\t<div class=\"elementor-column elementor-col-33 elementor-top-column elementor-element elementor-element-44f4599\" data-id=\"44f4599\" data-element_type=\"column\" data-e-type=\"column\">\n\t\t\t<div class=\"elementor-widget-wrap elementor-element-populated\">\n\t\t\t\t\t\t<section class=\"elementor-section elementor-inner-section elementor-element elementor-element-0c96895 elementor-section-boxed elementor-section-height-default elementor-section-height-default\" data-id=\"0c96895\" data-element_type=\"section\" data-e-type=\"section\">\n\t\t\t\t\t\t<div class=\"elementor-container elementor-column-gap-default\">\n\t\t\t\t\t<div class=\"elementor-column elementor-col-33 elementor-inner-column elementor-element elementor-element-4dd8adb\" data-id=\"4dd8adb\" data-element_type=\"column\" data-e-type=\"column\">\n\t\t\t<div class=\"elementor-widget-wrap elementor-element-populated\">\n\t\t\t\t\t\t<div class=\"elementor-element elementor-element-aa35838 elementor-align-center elementor-widget elementor-widget-button\" data-id=\"aa35838\" data-element_type=\"widget\" data-e-type=\"widget\" data-widget_type=\"button.default\">\n\t\t\t\t<div class=\"elementor-widget-container\">\n\t\t\t\t\t\t\t\t\t<div class=\"elementor-button-wrapper\">\n\t\t\t\t\t<a class=\"elementor-button elementor-button-link elementor-size-sm\" href=\"https:\/\/liag.com.ar\/wp-content\/uploads\/2023\/05\/ODS-12-Liag-Caso-El-valor-de-la-agricultura-de-precision-una-vision-agro-sustentable.pdf\">\n\t\t\t\t\t\t<span class=\"elementor-button-content-wrapper\">\n\t\t\t\t\t\t<span class=\"elementor-button-icon\">\n\t\t\t\t<i aria-hidden=\"true\" class=\"fas fa-arrow-right\"><\/i>\t\t\t<\/span>\n\t\t\t\t\t\t\t\t\t<span class=\"elementor-button-text\">Caso 1<\/span>\n\t\t\t\t\t<\/span>\n\t\t\t\t\t<\/a>\n\t\t\t\t<\/div>\n\t\t\t\t\t\t\t\t<\/div>\n\t\t\t\t<\/div>\n\t\t\t\t\t<\/div>\n\t\t<\/div>\n\t\t\t\t<div class=\"elementor-column elementor-col-33 elementor-inner-column elementor-element elementor-element-d9b28ec\" data-id=\"d9b28ec\" data-element_type=\"column\" data-e-type=\"column\">\n\t\t\t<div class=\"elementor-widget-wrap elementor-element-populated\">\n\t\t\t\t\t\t<div class=\"elementor-element elementor-element-258eb8a elementor-align-center elementor-widget elementor-widget-button\" data-id=\"258eb8a\" data-element_type=\"widget\" data-e-type=\"widget\" data-widget_type=\"button.default\">\n\t\t\t\t<div class=\"elementor-widget-container\">\n\t\t\t\t\t\t\t\t\t<div class=\"elementor-button-wrapper\">\n\t\t\t\t\t<a class=\"elementor-button elementor-button-link elementor-size-sm\" href=\"https:\/\/liag.com.ar\/wp-content\/uploads\/2023\/05\/LIAG-Nueva-ODS-12-Caso-Cultivos-de-Servicio.pdf\">\n\t\t\t\t\t\t<span class=\"elementor-button-content-wrapper\">\n\t\t\t\t\t\t<span class=\"elementor-button-icon\">\n\t\t\t\t<i aria-hidden=\"true\" class=\"fas fa-arrow-right\"><\/i>\t\t\t<\/span>\n\t\t\t\t\t\t\t\t\t<span class=\"elementor-button-text\">Caso 2<\/span>\n\t\t\t\t\t<\/span>\n\t\t\t\t\t<\/a>\n\t\t\t\t<\/div>\n\t\t\t\t\t\t\t\t<\/div>\n\t\t\t\t<\/div>\n\t\t\t\t\t<\/div>\n\t\t<\/div>\n\t\t\t\t<div class=\"elementor-column elementor-col-33 elementor-inner-column elementor-element elementor-element-9e673fa\" data-id=\"9e673fa\" data-element_type=\"column\" data-e-type=\"column\">\n\t\t\t<div class=\"elementor-widget-wrap elementor-element-populated\">\n\t\t\t\t\t\t<div class=\"elementor-element elementor-element-dbf2a4a elementor-align-center elementor-widget elementor-widget-button\" data-id=\"dbf2a4a\" data-element_type=\"widget\" data-e-type=\"widget\" data-widget_type=\"button.default\">\n\t\t\t\t<div class=\"elementor-widget-container\">\n\t\t\t\t\t\t\t\t\t<div class=\"elementor-button-wrapper\">\n\t\t\t\t\t<a class=\"elementor-button elementor-button-link elementor-size-sm\" href=\"https:\/\/liag.com.ar\/wp-content\/uploads\/2023\/05\/liag-Nueva-OSD-15.pdf\">\n\t\t\t\t\t\t<span class=\"elementor-button-content-wrapper\">\n\t\t\t\t\t\t<span class=\"elementor-button-icon\">\n\t\t\t\t<i aria-hidden=\"true\" class=\"fas fa-arrow-right\"><\/i>\t\t\t<\/span>\n\t\t\t\t\t\t\t\t\t<span class=\"elementor-button-text\">Caso 3<\/span>\n\t\t\t\t\t<\/span>\n\t\t\t\t\t<\/a>\n\t\t\t\t<\/div>\n\t\t\t\t\t\t\t\t<\/div>\n\t\t\t\t<\/div>\n\t\t\t\t\t<\/div>\n\t\t<\/div>\n\t\t\t\t\t<\/div>\n\t\t<\/section>\n\t\t\t\t\t<\/div>\n\t\t<\/div>\n\t\t\t\t\t<\/div>\n\t\t<\/section>\n\t\t\t\t<\/div>\n\t\t","protected":false},"excerpt":{"rendered":"<p>RSE Comprender Comprendemos que la responsabilidad social es el modelo de gesti\u00f3n que nos permite llevar adelante un desempe\u00f1o econ\u00f3mico, social y [&hellip;]<\/p>\n","protected":false},"author":1,"featured_media":0,"parent":0,"menu_order":0,"comment_status":"closed","ping_status":"closed","template":"elementor_canvas","meta":{"footnotes":""},"class_list":["post-138","page","type-page","status-publish","hentry"],"_links":{"self":[{"href":"https:\/\/liag.com.ar\/index.php\/wp-json\/wp\/v2\/pages\/138","targetHints":{"allow":["GET"]}}],"collection":[{"href":"https:\/\/liag.com.ar\/index.php\/wp-json\/wp\/v2\/pages"}],"about":[{"href":"https:\/\/liag.com.ar\/index.php\/wp-json\/wp\/v2\/types\/page"}],"author":[{"embeddable":true,"href":"https:\/\/liag.com.ar\/index.php\/wp-json\/wp\/v2\/users\/1"}],"replies":[{"embeddable":true,"href":"https:\/\/liag.com.ar\/index.php\/wp-json\/wp\/v2\/comments?post=138"}],"version-history":[{"count":34,"href":"https:\/\/liag.com.ar\/index.php\/wp-json\/wp\/v2\/pages\/138\/revisions"}],"predecessor-version":[{"id":747,"href":"https:\/\/liag.com.ar\/index.php\/wp-json\/wp\/v2\/pages\/138\/revisions\/747"}],"wp:attachment":[{"href":"https:\/\/liag.com.ar\/index.php\/wp-json\/wp\/v2\/media?parent=138"}],"curies":[{"name":"wp","href":"https:\/\/api.w.org\/{rel}","templated":true}]}}