{"id":127,"date":"2023-02-26T19:18:26","date_gmt":"2023-02-26T19:18:26","guid":{"rendered":"https:\/\/liagdev.ongrowstudio.com\/?page_id=127"},"modified":"2023-04-05T15:43:58","modified_gmt":"2023-04-05T15:43:58","slug":"comex","status":"publish","type":"page","link":"https:\/\/liag.com.ar\/index.php\/comex\/","title":{"rendered":"Comex"},"content":{"rendered":"\t\t<div data-elementor-type=\"wp-page\" data-elementor-id=\"127\" class=\"elementor elementor-127\">\n\t\t\t\t\t\t<section class=\"elementor-section elementor-top-section elementor-element elementor-element-a06d483 elementor-section-boxed elementor-section-height-default elementor-section-height-default\" data-id=\"a06d483\" data-element_type=\"section\" data-e-type=\"section\" data-settings=\"{&quot;background_background&quot;:&quot;classic&quot;}\">\n\t\t\t\t\t\t\t<div class=\"elementor-background-overlay\"><\/div>\n\t\t\t\t\t\t\t<div class=\"elementor-container elementor-column-gap-default\">\n\t\t\t\t\t<div class=\"elementor-column elementor-col-100 elementor-top-column elementor-element elementor-element-01a51fd\" data-id=\"01a51fd\" data-element_type=\"column\" data-e-type=\"column\">\n\t\t\t<div class=\"elementor-widget-wrap elementor-element-populated\">\n\t\t\t\t\t\t<div class=\"elementor-element elementor-element-20f3022 elementor-align-center elementor-widget elementor-widget-button\" data-id=\"20f3022\" data-element_type=\"widget\" data-e-type=\"widget\" data-widget_type=\"button.default\">\n\t\t\t\t<div class=\"elementor-widget-container\">\n\t\t\t\t\t\t\t\t\t<div class=\"elementor-button-wrapper\">\n\t\t\t\t\t<a class=\"elementor-button elementor-size-sm\" role=\"button\">\n\t\t\t\t\t\t<span class=\"elementor-button-content-wrapper\">\n\t\t\t\t\t\t\t\t\t<span class=\"elementor-button-text\">COMEX<\/span>\n\t\t\t\t\t<\/span>\n\t\t\t\t\t<\/a>\n\t\t\t\t<\/div>\n\t\t\t\t\t\t\t\t<\/div>\n\t\t\t\t<\/div>\n\t\t\t\t\t<\/div>\n\t\t<\/div>\n\t\t\t\t\t<\/div>\n\t\t<\/section>\n\t\t\t\t<section class=\"elementor-section elementor-top-section elementor-element elementor-element-dfac72e elementor-section-full_width elementor-section-height-default elementor-section-height-default\" data-id=\"dfac72e\" data-element_type=\"section\" data-e-type=\"section\">\n\t\t\t\t\t\t<div class=\"elementor-container elementor-column-gap-no\">\n\t\t\t\t\t<div class=\"elementor-column elementor-col-100 elementor-top-column elementor-element elementor-element-667430f\" data-id=\"667430f\" data-element_type=\"column\" data-e-type=\"column\">\n\t\t\t<div class=\"elementor-widget-wrap elementor-element-populated\">\n\t\t\t\t\t\t<div class=\"elementor-element elementor-element-b796141 elementor-widget elementor-widget-heading\" data-id=\"b796141\" data-element_type=\"widget\" data-e-type=\"widget\" data-widget_type=\"heading.default\">\n\t\t\t\t<div class=\"elementor-widget-container\">\n\t\t\t\t\t<h2 class=\"elementor-heading-title elementor-size-default\">Exportaci\u00f3n<\/h2>\t\t\t\t<\/div>\n\t\t\t\t<\/div>\n\t\t\t\t<section class=\"elementor-section elementor-inner-section elementor-element elementor-element-aa58db2 elementor-section-full_width elementor-section-height-default elementor-section-height-default\" data-id=\"aa58db2\" data-element_type=\"section\" data-e-type=\"section\">\n\t\t\t\t\t\t<div class=\"elementor-container elementor-column-gap-no\">\n\t\t\t\t\t<div class=\"elementor-column elementor-col-50 elementor-inner-column elementor-element elementor-element-95485a0\" data-id=\"95485a0\" data-element_type=\"column\" data-e-type=\"column\">\n\t\t\t<div class=\"elementor-widget-wrap elementor-element-populated\">\n\t\t\t\t\t\t<div class=\"elementor-element elementor-element-d51e5c2 elementor-widget elementor-widget-image\" data-id=\"d51e5c2\" data-element_type=\"widget\" data-e-type=\"widget\" data-widget_type=\"image.default\">\n\t\t\t\t<div class=\"elementor-widget-container\">\n\t\t\t\t\t\t\t\t\t\t\t\t\t\t\t<img fetchpriority=\"high\" decoding=\"async\" width=\"720\" height=\"405\" src=\"https:\/\/liag.com.ar\/wp-content\/uploads\/2023\/03\/comex_garbanzos.jpg\" class=\"attachment-full size-full wp-image-336\" alt=\"\" srcset=\"https:\/\/liag.com.ar\/wp-content\/uploads\/2023\/03\/comex_garbanzos.jpg 720w, https:\/\/liag.com.ar\/wp-content\/uploads\/2023\/03\/comex_garbanzos-300x169.jpg 300w, https:\/\/liag.com.ar\/wp-content\/uploads\/2023\/03\/comex_garbanzos-230x129.jpg 230w, https:\/\/liag.com.ar\/wp-content\/uploads\/2023\/03\/comex_garbanzos-350x197.jpg 350w, https:\/\/liag.com.ar\/wp-content\/uploads\/2023\/03\/comex_garbanzos-480x270.jpg 480w\" sizes=\"(max-width: 720px) 100vw, 720px\" \/>\t\t\t\t\t\t\t\t\t\t\t\t\t\t\t<\/div>\n\t\t\t\t<\/div>\n\t\t\t\t<div class=\"elementor-element elementor-element-254dab7 elementor-widget elementor-widget-accordion\" data-id=\"254dab7\" data-element_type=\"widget\" data-e-type=\"widget\" data-widget_type=\"accordion.default\">\n\t\t\t\t<div class=\"elementor-widget-container\">\n\t\t\t\t\t\t\t<div class=\"elementor-accordion\">\n\t\t\t\t\t\t\t<div class=\"elementor-accordion-item\">\n\t\t\t\t\t<div id=\"elementor-tab-title-3911\" class=\"elementor-tab-title\" data-tab=\"1\" role=\"button\" aria-controls=\"elementor-tab-content-3911\" aria-expanded=\"false\">\n\t\t\t\t\t\t\t\t\t\t\t\t\t<span class=\"elementor-accordion-icon elementor-accordion-icon-left\" aria-hidden=\"true\">\n\t\t\t\t\t\t\t\t\t\t\t\t\t\t\t<span class=\"elementor-accordion-icon-closed\"><i class=\"far fa-eye\"><\/i><\/span>\n\t\t\t\t\t\t\t\t<span class=\"elementor-accordion-icon-opened\"><i class=\"fas fa-minus\"><\/i><\/span>\n\t\t\t\t\t\t\t\t\t\t\t\t\t\t<\/span>\n\t\t\t\t\t\t\t\t\t\t\t\t<a class=\"elementor-accordion-title\" tabindex=\"0\">Legumbres<\/a>\n\t\t\t\t\t<\/div>\n\t\t\t\t\t<div id=\"elementor-tab-content-3911\" class=\"elementor-tab-content elementor-clearfix\" data-tab=\"1\" role=\"region\" aria-labelledby=\"elementor-tab-title-3911\"><p>I&E identific\u00f3 las amplias posibilidades de desarrollo productivo del garbanzo debido a su fuerte perfil exportador y por su marcada aceptaci\u00f3n en el mercado internacional.<br \/>El proceso previo a la exportaci\u00f3n se caracteriza por, una vez cosechado, su env\u00edo en forma natural a una planta clasificadora donde se separa por calibres (9,8,7 y partido), culminando con la fase de embolsado. Para su traslado se utilizan bolsas de polipropileno blanca con capacidad para 25 kilos.<\/p><\/div>\n\t\t\t\t<\/div>\n\t\t\t\t\t\t\t\t<\/div>\n\t\t\t\t\t\t<\/div>\n\t\t\t\t<\/div>\n\t\t\t\t\t<\/div>\n\t\t<\/div>\n\t\t\t\t<div class=\"elementor-column elementor-col-50 elementor-inner-column elementor-element elementor-element-d1a5d62\" data-id=\"d1a5d62\" data-element_type=\"column\" data-e-type=\"column\">\n\t\t\t<div class=\"elementor-widget-wrap elementor-element-populated\">\n\t\t\t\t\t\t<div class=\"elementor-element elementor-element-ff28356 elementor-widget elementor-widget-image\" data-id=\"ff28356\" data-element_type=\"widget\" data-e-type=\"widget\" data-widget_type=\"image.default\">\n\t\t\t\t<div class=\"elementor-widget-container\">\n\t\t\t\t\t\t\t\t\t\t\t\t\t\t\t<img decoding=\"async\" width=\"720\" height=\"405\" src=\"https:\/\/liag.com.ar\/wp-content\/uploads\/2023\/03\/comex_algodon.jpg\" class=\"attachment-full size-full wp-image-289\" alt=\"\" srcset=\"https:\/\/liag.com.ar\/wp-content\/uploads\/2023\/03\/comex_algodon.jpg 720w, https:\/\/liag.com.ar\/wp-content\/uploads\/2023\/03\/comex_algodon-300x169.jpg 300w, https:\/\/liag.com.ar\/wp-content\/uploads\/2023\/03\/comex_algodon-230x129.jpg 230w, https:\/\/liag.com.ar\/wp-content\/uploads\/2023\/03\/comex_algodon-350x197.jpg 350w, https:\/\/liag.com.ar\/wp-content\/uploads\/2023\/03\/comex_algodon-480x270.jpg 480w\" sizes=\"(max-width: 720px) 100vw, 720px\" \/>\t\t\t\t\t\t\t\t\t\t\t\t\t\t\t<\/div>\n\t\t\t\t<\/div>\n\t\t\t\t<div class=\"elementor-element elementor-element-1730be3 elementor-widget elementor-widget-accordion\" data-id=\"1730be3\" data-element_type=\"widget\" data-e-type=\"widget\" data-widget_type=\"accordion.default\">\n\t\t\t\t<div class=\"elementor-widget-container\">\n\t\t\t\t\t\t\t<div class=\"elementor-accordion\">\n\t\t\t\t\t\t\t<div class=\"elementor-accordion-item\">\n\t\t\t\t\t<div id=\"elementor-tab-title-2431\" class=\"elementor-tab-title\" data-tab=\"1\" role=\"button\" aria-controls=\"elementor-tab-content-2431\" aria-expanded=\"false\">\n\t\t\t\t\t\t\t\t\t\t\t\t\t<span class=\"elementor-accordion-icon elementor-accordion-icon-left\" aria-hidden=\"true\">\n\t\t\t\t\t\t\t\t\t\t\t\t\t\t\t<span class=\"elementor-accordion-icon-closed\"><i class=\"far fa-eye\"><\/i><\/span>\n\t\t\t\t\t\t\t\t<span class=\"elementor-accordion-icon-opened\"><i class=\"fas fa-minus\"><\/i><\/span>\n\t\t\t\t\t\t\t\t\t\t\t\t\t\t<\/span>\n\t\t\t\t\t\t\t\t\t\t\t\t<a class=\"elementor-accordion-title\" tabindex=\"0\">Fibra de Algod\u00f3n<\/a>\n\t\t\t\t\t<\/div>\n\t\t\t\t\t<div id=\"elementor-tab-content-2431\" class=\"elementor-tab-content elementor-clearfix\" data-tab=\"1\" role=\"region\" aria-labelledby=\"elementor-tab-title-2431\"><p>La fibra de algod\u00f3n se impone ante un mercado altamente selectivo que propone un proceso de comercializaci\u00f3n exigente en su an\u00e1lisis del lote de fibra, priorizando calidad, grosor y color del producto. Cada lote integra 110 fardos de fibra de algod\u00f3n con un promedio de peso de 230 kilos por fardo, export\u00e1ndose a trav\u00e9s de contenedores con una capacidad de 25 toneladas de almacenamiento.<\/p><\/div>\n\t\t\t\t<\/div>\n\t\t\t\t\t\t\t\t<\/div>\n\t\t\t\t\t\t<\/div>\n\t\t\t\t<\/div>\n\t\t\t\t\t<\/div>\n\t\t<\/div>\n\t\t\t\t\t<\/div>\n\t\t<\/section>\n\t\t\t\t\t<\/div>\n\t\t<\/div>\n\t\t\t\t\t<\/div>\n\t\t<\/section>\n\t\t\t\t<section class=\"elementor-section elementor-top-section elementor-element elementor-element-4b0b890 elementor-section-full_width elementor-hidden-desktop elementor-hidden-tablet elementor-hidden-mobile elementor-section-height-default elementor-section-height-default\" data-id=\"4b0b890\" data-element_type=\"section\" data-e-type=\"section\">\n\t\t\t\t\t\t<div class=\"elementor-container elementor-column-gap-no\">\n\t\t\t\t\t<div class=\"elementor-column elementor-col-100 elementor-top-column elementor-element elementor-element-b345795\" data-id=\"b345795\" data-element_type=\"column\" data-e-type=\"column\">\n\t\t\t<div class=\"elementor-widget-wrap elementor-element-populated\">\n\t\t\t\t\t\t<div class=\"elementor-element elementor-element-046e200 elementor-widget elementor-widget-prime-slider-general\" data-id=\"046e200\" data-element_type=\"widget\" data-e-type=\"widget\" data-widget_type=\"prime-slider-general.default\">\n\t\t\t\t<div class=\"elementor-widget-container\">\n\t\t\t\t\t\t\t<div class=\"bdt-prime-slider\">\n\t\t\t<div class=\"bdt-prime-slider-skin-general\">\n\t\t\t\t<div class=\"bdt-position-relative bdt-visible-toggle\" bdt-slideshow=\"{&quot;animation&quot;:&quot;fade&quot;,&quot;ratio&quot;:&quot;16:9&quot;,&quot;min-height&quot;:480,&quot;autoplay&quot;:true,&quot;autoplay-interval&quot;:7000,&quot;pause-on-hover&quot;:false,&quot;draggable&quot;:true,&quot;velocity&quot;:1,&quot;finite&quot;:false}\" data-settings=\"{&quot;id&quot;:&quot;#bdt-046e200&quot;,&quot;animation_status&quot;:&quot;no&quot;}\" id=\"bdt-046e200\">\n\t\t\t\t\t<ul class=\"bdt-slideshow-items\">\n\t\t\t\t\t\t\n\t\t\t<li\n\t\t\t\tclass=\"bdt-slideshow-item bdt-flex bdt-flex-middle bdt-flex-center elementor-repeater-item-4f9be73\">\n\t\t\t\t\n\t\t\t\t\t\t\t\t\t\t\t\n\t\t<div class=\"bdt-ps-slide-img\" style=\"background-image: url('https:\/\/liag.com.ar\/wp-content\/uploads\/2023\/02\/banner_mas-info.jpg')\"><\/div>\n\n\t\t\t\t\t\t\t\n\t\t\t\t\t\n\t\t\t\t\t\t\t\t\t<div class=\"bdt-overlay-default bdt-position-cover\"><\/div>\n\t\t\t\t\n\t\t\t\t\t\t<div class=\"bdt-prime-slider-wrapper\">\n\t\t\t<div class=\"bdt-prime-slider-content\">\n\t\t\t\t<div class=\"bdt-prime-slider-desc\">\n\n\t\t\t\t\t\t\t\t\t\t\t<div class=\"bdt-sub-title\">\n\t\t\t\t\t\t\t<h4\t\t\t\t\t\t\t\tdata-reveal=\"reveal-active\" class=\"bdt-ps-sub-title\"\n\t\t\t\t\t\t\t\tdata-bdt-slideshow-parallax=\"x: 50,0,-10; opacity: 1,1,0\">\n\t\t\t\t\t\t\t\tM\u00e1s\t\t\t\t\t\t\t<\/h4>\n\t\t\t\t\t\t<\/div>\n\t\t\t\t\t\n\t\t\t\t\t\t\t\t\t\t\t<div data-reveal=\"reveal-active\" class=\"bdt-main-title\" data-bdt-slideshow-parallax=\"x: 100,0,-20; opacity: 1,1,0\">\n\t\t\t\t\t\t\t<h1\t\t\t\t\t\t\t\tclass=\"bdt-title-tag\">\n\t\t\t\t\t\t\t\t\t\t\t\t\t\t\t\t\tInformaci\u00f3n\t\t\t\t\t\t\t\t\t\t\t\t\t\t\t\t<\/h1>\n\t\t\t\t\t\t<\/div>\n\t\t\t\t\t\n\t\t\t\t\t\n\t\t\t\t\t<div data-bdt-slideshow-parallax=\"x: 150,0,-30; opacity: 1,1,0\">\n\t\t\t\t\t\t<div class=\"bdt-btn-wrapper\">\n\t\t\t\t\t\t\t\n\t\t\n\t\t\t<a class=\"bdt-slide-btn\" data-reveal=\"reveal-active\" href=\"#\">\n\n\t\t\t\t\t\t\t\t<span class=\"bdt-prime-slider-button-wrapper\">\n\n\t\t\t\t\t<span class=\"bdt-prime-slider-button-text bdt-flex bdt-flex-middle bdt-flex-inline\">Ver\t\t\t\t\t\t\t\t\t\t\t\t\t<span class=\"bdt-slide-btn-icon\"><svg width=\"20\" height=\"20\" viewBox=\"0 0 20 20\"\n\t\t\t\t\t\t\t\t\txmlns=\"http:\/\/www.w3.org\/2000\/svg\" data-svg=\"arrow-right\">\n\t\t\t\t\t\t\t\t\t<polyline fill=\"none\" stroke=\"#000\" points=\"10 5 15 9.5 10 14\"><\/polyline>\n\t\t\t\t\t\t\t\t\t<line fill=\"none\" stroke=\"#000\" x1=\"4\" y1=\"9.5\" x2=\"15\" y2=\"9.5\"><\/line>\n\t\t\t\t\t\t\t\t<\/svg><\/span>\n\t\t\t\t\t\t\t\t\t\t\t<\/span>\n\n\t\t\t\t<\/span>\n\n\t\t\t<\/a>\n\t\t\t\t\t\t\t\t<\/div>\n\t\t\t\t\t<\/div>\n\t\t\t\t<\/div>\n\n\t\t\t\t\n\t\t\t<\/div>\n\t\t<\/div>\n\t\t\t\t\t<\/li>\n\n\t\t\n\t\t\t\t\t<\/ul>\n\t\t\t\t\t\n\t\t\n\t\t\t\t\t\t\t\n\t\t\n\t\t\t\t\t\t<\/div>\n\t\t\t\t\t\t\t\t\t\t\t<\/div>\n\t\t<\/div>\n\t\t\t\t\t\t<\/div>\n\t\t\t\t<\/div>\n\t\t\t\t\t<\/div>\n\t\t<\/div>\n\t\t\t\t\t<\/div>\n\t\t<\/section>\n\t\t\t\t<\/div>\n\t\t","protected":false},"excerpt":{"rendered":"<p>COMEX Exportaci\u00f3n Legumbres I&#038;E identific\u00f3 las amplias posibilidades de desarrollo productivo del garbanzo debido a su fuerte perfil exportador y por su [&hellip;]<\/p>\n","protected":false},"author":1,"featured_media":0,"parent":0,"menu_order":0,"comment_status":"closed","ping_status":"closed","template":"elementor_canvas","meta":{"footnotes":""},"class_list":["post-127","page","type-page","status-publish","hentry"],"_links":{"self":[{"href":"https:\/\/liag.com.ar\/index.php\/wp-json\/wp\/v2\/pages\/127","targetHints":{"allow":["GET"]}}],"collection":[{"href":"https:\/\/liag.com.ar\/index.php\/wp-json\/wp\/v2\/pages"}],"about":[{"href":"https:\/\/liag.com.ar\/index.php\/wp-json\/wp\/v2\/types\/page"}],"author":[{"embeddable":true,"href":"https:\/\/liag.com.ar\/index.php\/wp-json\/wp\/v2\/users\/1"}],"replies":[{"embeddable":true,"href":"https:\/\/liag.com.ar\/index.php\/wp-json\/wp\/v2\/comments?post=127"}],"version-history":[{"count":34,"href":"https:\/\/liag.com.ar\/index.php\/wp-json\/wp\/v2\/pages\/127\/revisions"}],"predecessor-version":[{"id":680,"href":"https:\/\/liag.com.ar\/index.php\/wp-json\/wp\/v2\/pages\/127\/revisions\/680"}],"wp:attachment":[{"href":"https:\/\/liag.com.ar\/index.php\/wp-json\/wp\/v2\/media?parent=127"}],"curies":[{"name":"wp","href":"https:\/\/api.w.org\/{rel}","templated":true}]}}